{"id":2537,"date":"2024-08-07T21:58:47","date_gmt":"2024-08-07T21:58:47","guid":{"rendered":"https:\/\/2active.voidxd.lol\/?page_id=2537"},"modified":"2024-09-05T05:17:16","modified_gmt":"2024-09-05T05:17:16","slug":"despre-noi","status":"publish","type":"page","link":"https:\/\/2active.ro\/en\/despre-noi\/","title":{"rendered":"ABOUT US"},"content":{"rendered":"\t\t<div data-elementor-type=\"wp-page\" data-elementor-id=\"2537\" class=\"elementor elementor-2537\" data-elementor-post-type=\"page\">\n\t\t\t\t<div class=\"elementor-element elementor-element-c03ea0f e-con-full e-flex e-con e-parent\" data-id=\"c03ea0f\" data-element_type=\"container\" data-settings=\"{&quot;background_background&quot;:&quot;classic&quot;}\">\n\t\t\t\t<div class=\"elementor-element elementor-element-2fc2321 elementor-widget-mobile__width-initial elementor-widget elementor-widget-heading\" data-id=\"2fc2321\" data-element_type=\"widget\" data-widget_type=\"heading.default\">\n\t\t\t\t<div class=\"elementor-widget-container\">\n\t\t\t<style>\/*! elementor - v3.23.0 - 05-08-2024 *\/\n.elementor-heading-title{padding:0;margin:0;line-height:1}.elementor-widget-heading .elementor-heading-title[class*=elementor-size-]>a{color:inherit;font-size:inherit;line-height:inherit}.elementor-widget-heading .elementor-heading-title.elementor-size-small{font-size:15px}.elementor-widget-heading .elementor-heading-title.elementor-size-medium{font-size:19px}.elementor-widget-heading .elementor-heading-title.elementor-size-large{font-size:29px}.elementor-widget-heading .elementor-heading-title.elementor-size-xl{font-size:39px}.elementor-widget-heading .elementor-heading-title.elementor-size-xxl{font-size:59px}<\/style><h1 class=\"elementor-heading-title elementor-size-default\">ABOUT US<\/h1>\t\t<\/div>\n\t\t\t\t<\/div>\n\t\t\t\t<\/div>\n\t\t<div class=\"elementor-element elementor-element-a122cb0 e-flex e-con-boxed e-con e-parent\" data-id=\"a122cb0\" data-element_type=\"container\">\n\t\t\t\t\t<div class=\"e-con-inner\">\n\t\t<div class=\"elementor-element elementor-element-b8fe5df e-con-full e-flex e-con e-child\" data-id=\"b8fe5df\" data-element_type=\"container\">\n\t\t\t\t<div class=\"elementor-element elementor-element-dc0ec71 elementor-widget elementor-widget-text-editor\" data-id=\"dc0ec71\" data-element_type=\"widget\" data-widget_type=\"text-editor.default\">\n\t\t\t\t<div class=\"elementor-widget-container\">\n\t\t\t<style>\/*! elementor - v3.23.0 - 05-08-2024 *\/\n.elementor-widget-text-editor.elementor-drop-cap-view-stacked .elementor-drop-cap{background-color:#69727d;color:#fff}.elementor-widget-text-editor.elementor-drop-cap-view-framed .elementor-drop-cap{color:#69727d;border:3px solid;background-color:transparent}.elementor-widget-text-editor:not(.elementor-drop-cap-view-default) .elementor-drop-cap{margin-top:8px}.elementor-widget-text-editor:not(.elementor-drop-cap-view-default) .elementor-drop-cap-letter{width:1em;height:1em}.elementor-widget-text-editor .elementor-drop-cap{float:left;text-align:center;line-height:1;font-size:50px}.elementor-widget-text-editor .elementor-drop-cap-letter{display:inline-block}<\/style>\t\t\t\t<p>Ne propunem s\u0103 fim un partener de \u00eencredere \u00een c\u0103l\u0103toria dumneavoastr\u0103, ghid\u00e2ndu-v\u0103 prin storytelling de impact \u0219i ac\u021biuni strategice, propuls\u00e2nd \u00een cele din urm\u0103 brandul dumneavoastr\u0103 c\u0103tre un viitor remarcabil.<\/p>\t\t\t\t\t\t<\/div>\n\t\t\t\t<\/div>\n\t\t\t\t<\/div>\n\t\t\t\t\t<\/div>\n\t\t\t\t<\/div>\n\t\t<div class=\"elementor-element elementor-element-9276ba2 e-flex e-con-boxed e-con e-parent\" data-id=\"9276ba2\" data-element_type=\"container\">\n\t\t\t\t\t<div class=\"e-con-inner\">\n\t\t<div class=\"elementor-element elementor-element-e4f8bbe e-con-full e-flex e-con e-child\" data-id=\"e4f8bbe\" data-element_type=\"container\">\n\t\t\t\t<div class=\"elementor-element elementor-element-a19d93f elementor-widget elementor-widget-n-accordion\" data-id=\"a19d93f\" data-element_type=\"widget\" data-settings=\"{&quot;n_accordion_animation_duration&quot;:{&quot;unit&quot;:&quot;ms&quot;,&quot;size&quot;:150,&quot;sizes&quot;:[]},&quot;default_state&quot;:&quot;expanded&quot;,&quot;max_items_expended&quot;:&quot;one&quot;}\" data-widget_type=\"nested-accordion.default\">\n\t\t\t\t<div class=\"elementor-widget-container\">\n\t\t\t\t\t<div class=\"e-n-accordion\" aria-label=\"Accordion. Open links with Enter or Space, close with Escape, and navigate with Arrow Keys\">\n\t\t\t\t\t\t<details id=\"e-n-accordion-item-1690\" class=\"e-n-accordion-item\" open>\n\t\t\t\t<summary class=\"e-n-accordion-item-title\" data-accordion-index=\"1\" tabindex=\"0\" aria-expanded=\"true\" aria-controls=\"e-n-accordion-item-1690\" >\n\t\t\t\t\t<span class='e-n-accordion-item-title-header'><div class=\"e-n-accordion-item-title-text\"> Despre Noi <\/div><\/span>\n\t\t\t\t\t\t\t<span class='e-n-accordion-item-title-icon'>\n\t\t\t<span class='e-opened' ><svg aria-hidden=\"true\" class=\"e-font-icon-svg e-fas-minus\" viewBox=\"0 0 448 512\" xmlns=\"http:\/\/www.w3.org\/2000\/svg\"><path d=\"M416 208H32c-17.67 0-32 14.33-32 32v32c0 17.67 14.33 32 32 32h384c17.67 0 32-14.33 32-32v-32c0-17.67-14.33-32-32-32z\"><\/path><\/svg><\/span>\n\t\t\t<span class='e-closed'><svg aria-hidden=\"true\" class=\"e-font-icon-svg e-fas-chevron-down\" viewBox=\"0 0 448 512\" xmlns=\"http:\/\/www.w3.org\/2000\/svg\"><path d=\"M207.029 381.476L12.686 187.132c-9.373-9.373-9.373-24.569 0-33.941l22.667-22.667c9.357-9.357 24.522-9.375 33.901-.04L224 284.505l154.745-154.021c9.379-9.335 24.544-9.317 33.901.04l22.667 22.667c9.373 9.373 9.373 24.569 0 33.941L240.971 381.476c-9.373 9.372-24.569 9.372-33.942 0z\"><\/path><\/svg><\/span>\n\t\t<\/span>\n\n\t\t\t\t\t\t<\/summary>\n\t\t\t\t<div role=\"region\" aria-labelledby=\"e-n-accordion-item-1690\" class=\"elementor-element elementor-element-61303f6 e-con-full e-flex e-con e-child\" data-id=\"61303f6\" data-element_type=\"container\">\n\t\t<div role=\"region\" aria-labelledby=\"e-n-accordion-item-1690\" class=\"elementor-element elementor-element-a912977 e-grid e-con-boxed e-con e-child\" data-id=\"a912977\" data-element_type=\"container\">\n\t\t\t\t\t<div class=\"e-con-inner\">\n\t\t\t\t<div class=\"elementor-element elementor-element-f1b8880 elementor-widget elementor-widget-text-editor\" data-id=\"f1b8880\" data-element_type=\"widget\" data-widget_type=\"text-editor.default\">\n\t\t\t\t<div class=\"elementor-widget-container\">\n\t\t\t\t\t\t\t<p><span style=\"font-weight: 400;\">Elabor\u0103m mesaje personalizate, gestion\u0103m cu abilitate crizele \u0219i eviden\u021biem leadershipul dumneavoastr\u0103. Prioritiz\u0103m conexiunile autentice \u0219i aplic\u0103m strategii creative, organiz\u00e2nd evenimente de impact pentru a ne asigura c\u0103 brandul dumneavoastr\u0103 prosper\u0103 at\u00e2t online, c\u00e2t \u0219i offline.<\/span><\/p>\t\t\t\t\t\t<\/div>\n\t\t\t\t<\/div>\n\t\t\t\t<div class=\"elementor-element elementor-element-88d4946 elementor-widget elementor-widget-text-editor\" data-id=\"88d4946\" data-element_type=\"widget\" data-widget_type=\"text-editor.default\">\n\t\t\t\t<div class=\"elementor-widget-container\">\n\t\t\t\t\t\t\t<p>Parteneriatul nostru cu FleishmanHillard, \u00eenceput \u00een 2009, ne \u00eembog\u0103\u021be\u0219te capacitatea de a avea o perspectiv\u0103 interna\u021bional\u0103 ampl\u0103 \u00een contextul actual al comunic\u0103rii. Acest moment decisiv a marcat extinderea orizonturilor \u0219i expertizei noastre \u00een peisajul global al comunic\u0103rii.<\/p>\t\t\t\t\t\t<\/div>\n\t\t\t\t<\/div>\n\t\t\t\t\t<\/div>\n\t\t\t\t<\/div>\n\t\t\t\t<\/div>\n\t\t\t\t\t<\/details>\n\t\t\t\t\t\t<details id=\"e-n-accordion-item-1691\" class=\"e-n-accordion-item\" >\n\t\t\t\t<summary class=\"e-n-accordion-item-title\" data-accordion-index=\"2\" tabindex=\"-1\" aria-expanded=\"false\" aria-controls=\"e-n-accordion-item-1691\" >\n\t\t\t\t\t<span class='e-n-accordion-item-title-header'><div class=\"e-n-accordion-item-title-text\"> Misiunea Noastr\u0103 <\/div><\/span>\n\t\t\t\t\t\t\t<span class='e-n-accordion-item-title-icon'>\n\t\t\t<span class='e-opened' ><svg aria-hidden=\"true\" class=\"e-font-icon-svg e-fas-minus\" viewBox=\"0 0 448 512\" xmlns=\"http:\/\/www.w3.org\/2000\/svg\"><path d=\"M416 208H32c-17.67 0-32 14.33-32 32v32c0 17.67 14.33 32 32 32h384c17.67 0 32-14.33 32-32v-32c0-17.67-14.33-32-32-32z\"><\/path><\/svg><\/span>\n\t\t\t<span class='e-closed'><svg aria-hidden=\"true\" class=\"e-font-icon-svg e-fas-chevron-down\" viewBox=\"0 0 448 512\" xmlns=\"http:\/\/www.w3.org\/2000\/svg\"><path d=\"M207.029 381.476L12.686 187.132c-9.373-9.373-9.373-24.569 0-33.941l22.667-22.667c9.357-9.357 24.522-9.375 33.901-.04L224 284.505l154.745-154.021c9.379-9.335 24.544-9.317 33.901.04l22.667 22.667c9.373 9.373 9.373 24.569 0 33.941L240.971 381.476c-9.373 9.372-24.569 9.372-33.942 0z\"><\/path><\/svg><\/span>\n\t\t<\/span>\n\n\t\t\t\t\t\t<\/summary>\n\t\t\t\t<div role=\"region\" aria-labelledby=\"e-n-accordion-item-1691\" class=\"elementor-element elementor-element-53eac92 e-con-full e-flex e-con e-child\" data-id=\"53eac92\" data-element_type=\"container\">\n\t\t<div role=\"region\" aria-labelledby=\"e-n-accordion-item-1691\" class=\"elementor-element elementor-element-bdd03f8 e-grid e-con-boxed e-con e-child\" data-id=\"bdd03f8\" data-element_type=\"container\">\n\t\t\t\t\t<div class=\"e-con-inner\">\n\t\t\t\t<div class=\"elementor-element elementor-element-cdaaeaa elementor-widget elementor-widget-text-editor\" data-id=\"cdaaeaa\" data-element_type=\"widget\" data-widget_type=\"text-editor.default\">\n\t\t\t\t<div class=\"elementor-widget-container\">\n\t\t\t\t\t\t\t<p>Povestea noastr\u0103 este una de transformare \u0219i evolu\u021bie. 2Active este dedicat\u0103 schimb\u0103rii peisajului comunica\u021bional de ast\u0103zi \u0219i adapt\u0103rii rapide \u00eentr-o lume aflat\u0103 \u00een continu\u0103 schimbare.<\/p>\t\t\t\t\t\t<\/div>\n\t\t\t\t<\/div>\n\t\t\t\t\t<\/div>\n\t\t\t\t<\/div>\n\t\t\t\t<\/div>\n\t\t\t\t\t<\/details>\n\t\t\t\t\t\t<details id=\"e-n-accordion-item-1692\" class=\"e-n-accordion-item\" >\n\t\t\t\t<summary class=\"e-n-accordion-item-title\" data-accordion-index=\"3\" tabindex=\"-1\" aria-expanded=\"false\" aria-controls=\"e-n-accordion-item-1692\" >\n\t\t\t\t\t<span class='e-n-accordion-item-title-header'><div class=\"e-n-accordion-item-title-text\"> Povestea Noastr\u0103 <\/div><\/span>\n\t\t\t\t\t\t\t<span class='e-n-accordion-item-title-icon'>\n\t\t\t<span class='e-opened' ><svg aria-hidden=\"true\" class=\"e-font-icon-svg e-fas-minus\" viewBox=\"0 0 448 512\" xmlns=\"http:\/\/www.w3.org\/2000\/svg\"><path d=\"M416 208H32c-17.67 0-32 14.33-32 32v32c0 17.67 14.33 32 32 32h384c17.67 0 32-14.33 32-32v-32c0-17.67-14.33-32-32-32z\"><\/path><\/svg><\/span>\n\t\t\t<span class='e-closed'><svg aria-hidden=\"true\" class=\"e-font-icon-svg e-fas-chevron-down\" viewBox=\"0 0 448 512\" xmlns=\"http:\/\/www.w3.org\/2000\/svg\"><path d=\"M207.029 381.476L12.686 187.132c-9.373-9.373-9.373-24.569 0-33.941l22.667-22.667c9.357-9.357 24.522-9.375 33.901-.04L224 284.505l154.745-154.021c9.379-9.335 24.544-9.317 33.901.04l22.667 22.667c9.373 9.373 9.373 24.569 0 33.941L240.971 381.476c-9.373 9.372-24.569 9.372-33.942 0z\"><\/path><\/svg><\/span>\n\t\t<\/span>\n\n\t\t\t\t\t\t<\/summary>\n\t\t\t\t<div role=\"region\" aria-labelledby=\"e-n-accordion-item-1692\" class=\"elementor-element elementor-element-8f81177 e-con-full e-flex e-con e-child\" data-id=\"8f81177\" data-element_type=\"container\">\n\t\t<div role=\"region\" aria-labelledby=\"e-n-accordion-item-1692\" class=\"elementor-element elementor-element-c3e85c5 e-grid e-con-boxed e-con e-child\" data-id=\"c3e85c5\" data-element_type=\"container\">\n\t\t\t\t\t<div class=\"e-con-inner\">\n\t\t\t\t<div class=\"elementor-element elementor-element-4a71f50 elementor-widget elementor-widget-text-editor\" data-id=\"4a71f50\" data-element_type=\"widget\" data-widget_type=\"text-editor.default\">\n\t\t\t\t<div class=\"elementor-widget-container\">\n\t\t\t\t\t\t\t<p>Fondat\u0103 \u00een anul 2000 de Corina B\u00e2rl\u0103deanu, 2Active este una dintre cele mai longevive companii de PR \u0219i Comunicare, adapt\u00e2ndu-se \u0219i reinvent\u00e2ndu-se constant \u00een peisajul comunica\u021bional contemporan.<\/p><p>C\u0103l\u0103toria noastr\u0103 a fost marcat\u0103 de rezilien\u021b\u0103, dedicare \u0219i o pasiune neobosit\u0103 pentru transmiterea mesajelor care nu doar vorbesc, ci \u0219i rezoneaz\u0103. Aceast\u0103 angajare fa\u021b\u0103 de calitate \u0219i inova\u021bie a atras aten\u021bia FleishmanHillard, duc\u00e2nd la parteneriatul nostru longeviv.<\/p>\t\t\t\t\t\t<\/div>\n\t\t\t\t<\/div>\n\t\t\t\t<div class=\"elementor-element elementor-element-bed7306 elementor-widget elementor-widget-text-editor\" data-id=\"bed7306\" data-element_type=\"widget\" data-widget_type=\"text-editor.default\">\n\t\t\t\t<div class=\"elementor-widget-container\">\n\t\t\t\t\t\t\t<p>La baza 2Active se afl\u0103 o echip\u0103 unit\u0103 de o pasiune comun\u0103. Aceast\u0103 pasiune este for\u021ba vital\u0103 a agen\u021biei noastre, aliment\u00e2nd dorin\u021ba de a crea \u0219i implementa strategii care las\u0103 o amprent\u0103 durabil\u0103. Membrii echipei noastre contribuie zilnic cu abilit\u0103\u021bi diverse \u0219i creativitate, muncind neobosit pentru a reprezenta branduri renumite la nivel mondial \u0219i local pe diverse platforme media.<\/p><p>Este aceast\u0103 dedicare pentru excelen\u021b\u0103, profesionalism \u0219i dragoste autentic\u0103 pentru ceea ce facem care ne diferen\u021biaz\u0103.<\/p>\t\t\t\t\t\t<\/div>\n\t\t\t\t<\/div>\n\t\t\t\t\t<\/div>\n\t\t\t\t<\/div>\n\t\t\t\t<\/div>\n\t\t\t\t\t<\/details>\n\t\t\t\t\t<\/div>\n\t\t\t\t<\/div>\n\t\t\t\t<\/div>\n\t\t\t\t<\/div>\n\t\t\t\t\t<\/div>\n\t\t\t\t<\/div>\n\t\t<div class=\"elementor-element elementor-element-926ebd8 e-flex e-con-boxed e-con e-parent\" data-id=\"926ebd8\" data-element_type=\"container\">\n\t\t\t\t\t<div class=\"e-con-inner\">\n\t\t<div class=\"elementor-element elementor-element-e292759 e-con-full e-flex e-con e-child\" data-id=\"e292759\" data-element_type=\"container\">\n\t\t<div class=\"elementor-element elementor-element-5aad4ff e-con-full elementor-hidden-mobile e-flex e-con e-child\" data-id=\"5aad4ff\" data-element_type=\"container\" data-settings=\"{&quot;background_background&quot;:&quot;classic&quot;}\">\n\t\t\t\t<div class=\"elementor-element elementor-element-df4e8e0 elementor-absolute overlay-text elementor-widget elementor-widget-text-editor\" data-id=\"df4e8e0\" data-element_type=\"widget\" data-settings=\"{&quot;_position&quot;:&quot;absolute&quot;}\" data-widget_type=\"text-editor.default\">\n\t\t\t\t<div class=\"elementor-widget-container\">\n\t\t\t\t\t\t\t<p>\u201e\u00centr-o lume \u00een care comunicarea este omniprezent\u0103, noi, la 2Active, alegem s\u0103 fim semnalul, nu zgomotul. Misiunea noastr\u0103 este s\u0103 redefinim rela\u021biile publice prin solu\u021bii \u00eendr\u0103zne\u021be, autentice \u0219i creative, care capteaz\u0103 aten\u021bia \u0219i inspir\u0103 ac\u021biunea.\u201d<\/p>\t\t\t\t\t\t<\/div>\n\t\t\t\t<\/div>\n\t\t\t\t<\/div>\n\t\t<div class=\"elementor-element elementor-element-c31a37e e-con-full elementor-hidden-desktop elementor-hidden-tablet e-flex e-con e-child\" data-id=\"c31a37e\" data-element_type=\"container\" data-settings=\"{&quot;background_background&quot;:&quot;classic&quot;}\">\n\t\t\t\t<div class=\"elementor-element elementor-element-59e2735 elementor-absolute overlay-text elementor-widget elementor-widget-text-editor\" data-id=\"59e2735\" data-element_type=\"widget\" data-settings=\"{&quot;_position&quot;:&quot;absolute&quot;}\" data-widget_type=\"text-editor.default\">\n\t\t\t\t<div class=\"elementor-widget-container\">\n\t\t\t\t\t\t\t<p>\u201e\u00centr-o lume \u00een care comunicarea este omniprezent\u0103, noi, la 2Active, alegem s\u0103 fim semnalul, nu zgomotul. Misiunea noastr\u0103 este s\u0103 redefinim rela\u021biile publice prin solu\u021bii \u00eendr\u0103zne\u021be, autentice \u0219i creative, care capteaz\u0103 aten\u021bia \u0219i inspir\u0103 ac\u021biunea.\u201d<\/p>\t\t\t\t\t\t<\/div>\n\t\t\t\t<\/div>\n\t\t\t\t<\/div>\n\t\t<div class=\"elementor-element elementor-element-432ec6f e-con-full e-flex e-con e-child\" data-id=\"432ec6f\" data-element_type=\"container\">\n\t\t\t\t<div class=\"elementor-element elementor-element-ee7e491 elementor-widget-mobile__width-initial elementor-widget elementor-widget-heading\" data-id=\"ee7e491\" data-element_type=\"widget\" data-widget_type=\"heading.default\">\n\t\t\t\t<div class=\"elementor-widget-container\">\n\t\t\t<h2 class=\"elementor-heading-title elementor-size-default\">Corina B\u00c2rl\u0103deanu<\/h2>\t\t<\/div>\n\t\t\t\t<\/div>\n\t\t\t\t<div class=\"elementor-element elementor-element-a437989 elementor-widget-mobile__width-initial elementor-widget elementor-widget-heading\" data-id=\"a437989\" data-element_type=\"widget\" data-widget_type=\"heading.default\">\n\t\t\t\t<div class=\"elementor-widget-container\">\n\t\t\t<div class=\"elementor-heading-title elementor-size-default\">General Manager<\/div>\t\t<\/div>\n\t\t\t\t<\/div>\n\t\t\t\t<\/div>\n\t\t\t\t<\/div>\n\t\t\t\t\t<\/div>\n\t\t\t\t<\/div>\n\t\t\t\t<\/div>\n\t\t","protected":false},"excerpt":{"rendered":"<p>Ne propunem s\u0103 fim un partener de \u00eencredere \u00een c\u0103l\u0103toria dumneavoastr\u0103, ghid\u00e2ndu-v\u0103 prin storytelling de impact \u0219i ac\u021biuni strategice, propuls\u00e2nd \u00een cele din urm\u0103 brandul dumneavoastr\u0103 c\u0103tre un viitor remarcabil. Despre Noi Elabor\u0103m mesaje personalizate, gestion\u0103m cu abilitate crizele \u0219i eviden\u021biem leadershipul dumneavoastr\u0103. Prioritiz\u0103m conexiunile autentice \u0219i aplic\u0103m strategii creative, organiz\u00e2nd evenimente de impact pentru [&hellip;]<\/p>\n","protected":false},"author":3,"featured_media":0,"parent":0,"menu_order":0,"comment_status":"closed","ping_status":"closed","template":"","meta":{"_acf_changed":false,"footnotes":""},"class_list":["post-2537","page","type-page","status-publish","hentry"],"blocksy_meta":{"has_hero_section":"disabled","styles_descriptor":{"styles":{"desktop":"","tablet":"","mobile":""},"google_fonts":[],"version":6}},"acf":[],"_links":{"self":[{"href":"https:\/\/2active.ro\/en\/wp-json\/wp\/v2\/pages\/2537","targetHints":{"allow":["GET"]}}],"collection":[{"href":"https:\/\/2active.ro\/en\/wp-json\/wp\/v2\/pages"}],"about":[{"href":"https:\/\/2active.ro\/en\/wp-json\/wp\/v2\/types\/page"}],"author":[{"embeddable":true,"href":"https:\/\/2active.ro\/en\/wp-json\/wp\/v2\/users\/3"}],"replies":[{"embeddable":true,"href":"https:\/\/2active.ro\/en\/wp-json\/wp\/v2\/comments?post=2537"}],"version-history":[{"count":41,"href":"https:\/\/2active.ro\/en\/wp-json\/wp\/v2\/pages\/2537\/revisions"}],"predecessor-version":[{"id":3385,"href":"https:\/\/2active.ro\/en\/wp-json\/wp\/v2\/pages\/2537\/revisions\/3385"}],"wp:attachment":[{"href":"https:\/\/2active.ro\/en\/wp-json\/wp\/v2\/media?parent=2537"}],"curies":[{"name":"wp","href":"https:\/\/api.w.org\/{rel}","templated":true}]}}